{"id":2033,"date":"2023-06-26T01:28:43","date_gmt":"2023-06-26T01:28:43","guid":{"rendered":"https:\/\/www.click-and-buy.e-aperam.com\/?page_id=2033"},"modified":"2024-06-07T10:17:17","modified_gmt":"2024-06-07T10:17:17","slug":"faq","status":"publish","type":"page","link":"https:\/\/www.click-and-buy.e-aperam.com\/es\/faq\/","title":{"rendered":"FAQ"},"content":{"rendered":"\t\t<div data-elementor-type=\"wp-page\" data-elementor-id=\"2033\" class=\"elementor elementor-2033 elementor-184\">\n\t\t\t\t\t\t<section class=\"elementor-section elementor-top-section elementor-element elementor-element-2acf2f3 elementor-section-full_width st-faq-banner elementor-section-height-default elementor-section-height-default\" data-id=\"2acf2f3\" data-element_type=\"section\" data-e-type=\"section\">\n\t\t\t\t\t\t<div class=\"elementor-container elementor-column-gap-default\">\n\t\t\t\t\t<div class=\"elementor-column elementor-col-100 elementor-top-column elementor-element elementor-element-095022d\" data-id=\"095022d\" data-element_type=\"column\" data-e-type=\"column\">\n\t\t\t<div class=\"elementor-widget-wrap elementor-element-populated\">\n\t\t\t\t\t\t<section class=\"elementor-section elementor-inner-section elementor-element elementor-element-49f0200 elementor-section-full_width in-row-banner elementor-section-height-default elementor-section-height-default\" data-id=\"49f0200\" data-element_type=\"section\" data-e-type=\"section\">\n\t\t\t\t\t\t<div class=\"elementor-container elementor-column-gap-default\">\n\t\t\t\t\t<div class=\"elementor-column elementor-col-50 elementor-inner-column elementor-element elementor-element-406f5c9 col-left col-banner\" data-id=\"406f5c9\" data-element_type=\"column\" data-e-type=\"column\">\n\t\t\t<div class=\"elementor-widget-wrap elementor-element-populated\">\n\t\t\t\t\t\t<div class=\"elementor-element elementor-element-186af3d elementor-widget elementor-widget-heading\" data-id=\"186af3d\" data-element_type=\"widget\" data-e-type=\"widget\" data-widget_type=\"heading.default\">\n\t\t\t\t<div class=\"elementor-widget-container\">\n\t\t\t\t\t<h1 class=\"elementor-heading-title elementor-size-default\">FAQ<\/h1>\t\t\t\t<\/div>\n\t\t\t\t<\/div>\n\t\t\t\t<div class=\"elementor-element elementor-element-fc94c97 elementor-widget elementor-widget-text-editor\" data-id=\"fc94c97\" data-element_type=\"widget\" data-e-type=\"widget\" data-widget_type=\"text-editor.default\">\n\t\t\t\t<div class=\"elementor-widget-container\">\n\t\t\t\t\t\t\t\t\t<p><span data-sheets-root=\"1\" data-sheets-value=\"{&quot;1&quot;:2,&quot;2&quot;:&quot;Esta secci\u00f3n responde a una serie de preguntas que pueden surgir a la hora de realizar un pedido en Click &amp; Buy &quot;}\" data-sheets-userformat=\"{&quot;2&quot;:899,&quot;3&quot;:{&quot;1&quot;:0},&quot;4&quot;:{&quot;1&quot;:2,&quot;2&quot;:65280},&quot;10&quot;:1,&quot;11&quot;:4,&quot;12&quot;:0}\">Esta secci\u00f3n responde a una serie de preguntas que pueden surgir a la hora de realizar un pedido en Click &amp; Buy <\/span><\/p>\t\t\t\t\t\t\t\t<\/div>\n\t\t\t\t<\/div>\n\t\t\t\t<div class=\"elementor-element elementor-element-c6ad10b elementor-widget elementor-widget-button\" data-id=\"c6ad10b\" data-element_type=\"widget\" data-e-type=\"widget\" data-widget_type=\"button.default\">\n\t\t\t\t<div class=\"elementor-widget-container\">\n\t\t\t\t\t\t\t\t\t<div class=\"elementor-button-wrapper\">\n\t\t\t\t\t<a class=\"elementor-button elementor-button-link elementor-size-sm\" href=\"#\">\n\t\t\t\t\t\t<span class=\"elementor-button-content-wrapper\">\n\t\t\t\t\t\t\t\t\t<span class=\"elementor-button-text\">M\u00c1S<\/span>\n\t\t\t\t\t<\/span>\n\t\t\t\t\t<\/a>\n\t\t\t\t<\/div>\n\t\t\t\t\t\t\t\t<\/div>\n\t\t\t\t<\/div>\n\t\t\t\t\t<\/div>\n\t\t<\/div>\n\t\t\t\t<div class=\"elementor-column elementor-col-50 elementor-inner-column elementor-element elementor-element-3702f44 col-right col-banner\" data-id=\"3702f44\" data-element_type=\"column\" data-e-type=\"column\">\n\t\t\t<div class=\"elementor-widget-wrap elementor-element-populated\">\n\t\t\t\t\t\t<div class=\"elementor-element elementor-element-b80bbaa elementor-widget elementor-widget-image\" data-id=\"b80bbaa\" data-element_type=\"widget\" data-e-type=\"widget\" data-widget_type=\"image.default\">\n\t\t\t\t<div class=\"elementor-widget-container\">\n\t\t\t\t\t\t\t\t\t\t\t\t\t\t\t<img fetchpriority=\"high\" decoding=\"async\" width=\"2560\" height=\"1280\" src=\"https:\/\/www.click-and-buy.e-aperam.com\/wp-content\/uploads\/2024\/02\/photo-CB-FAQ-scaled.jpg\" class=\"attachment-full size-full wp-image-1752\" alt=\"\" srcset=\"https:\/\/www.click-and-buy.e-aperam.com\/wp-content\/uploads\/2024\/02\/photo-CB-FAQ-scaled.jpg 2560w, https:\/\/www.click-and-buy.e-aperam.com\/wp-content\/uploads\/2024\/02\/photo-CB-FAQ-300x150.jpg 300w, https:\/\/www.click-and-buy.e-aperam.com\/wp-content\/uploads\/2024\/02\/photo-CB-FAQ-1024x512.jpg 1024w, https:\/\/www.click-and-buy.e-aperam.com\/wp-content\/uploads\/2024\/02\/photo-CB-FAQ-768x384.jpg 768w, https:\/\/www.click-and-buy.e-aperam.com\/wp-content\/uploads\/2024\/02\/photo-CB-FAQ-1536x768.jpg 1536w, https:\/\/www.click-and-buy.e-aperam.com\/wp-content\/uploads\/2024\/02\/photo-CB-FAQ-2048x1024.jpg 2048w, https:\/\/www.click-and-buy.e-aperam.com\/wp-content\/uploads\/2024\/02\/photo-CB-FAQ-1568x784.jpg 1568w\" sizes=\"(max-width: 2560px) 100vw, 2560px\" \/>\t\t\t\t\t\t\t\t\t\t\t\t\t\t\t<\/div>\n\t\t\t\t<\/div>\n\t\t\t\t\t<\/div>\n\t\t<\/div>\n\t\t\t\t\t<\/div>\n\t\t<\/section>\n\t\t\t\t\t<\/div>\n\t\t<\/div>\n\t\t\t\t\t<\/div>\n\t\t<\/section>\n\t\t\t\t<section class=\"elementor-section elementor-top-section elementor-element elementor-element-1227fab elementor-section-boxed elementor-section-height-default elementor-section-height-default\" data-id=\"1227fab\" data-element_type=\"section\" data-e-type=\"section\">\n\t\t\t\t\t\t<div class=\"elementor-container elementor-column-gap-default\">\n\t\t\t\t\t<div class=\"elementor-column elementor-col-100 elementor-top-column elementor-element elementor-element-9f07c98\" data-id=\"9f07c98\" data-element_type=\"column\" data-e-type=\"column\">\n\t\t\t<div class=\"elementor-widget-wrap elementor-element-populated\">\n\t\t\t\t\t\t<div class=\"elementor-element elementor-element-b718698 elementor-widget elementor-widget-toggle\" data-id=\"b718698\" data-element_type=\"widget\" data-e-type=\"widget\" data-widget_type=\"toggle.default\">\n\t\t\t\t<div class=\"elementor-widget-container\">\n\t\t\t\t\t\t\t<div class=\"elementor-toggle\">\n\t\t\t\t\t\t\t<div class=\"elementor-toggle-item\">\n\t\t\t\t\t<div id=\"elementor-tab-title-1911\" class=\"elementor-tab-title\" data-tab=\"1\" role=\"button\" aria-controls=\"elementor-tab-content-1911\" aria-expanded=\"false\">\n\t\t\t\t\t\t\t\t\t\t\t\t<span class=\"elementor-toggle-icon elementor-toggle-icon-right\" aria-hidden=\"true\">\n\t\t\t\t\t\t\t\t\t\t\t\t\t\t\t<span class=\"elementor-toggle-icon-closed\"><i class=\"fas fa-arrow-down\"><\/i><\/span>\n\t\t\t\t\t\t\t\t<span class=\"elementor-toggle-icon-opened\"><i class=\"elementor-toggle-icon-opened fas fa-arrow-up\"><\/i><\/span>\n\t\t\t\t\t\t\t\t\t\t\t\t\t<\/span>\n\t\t\t\t\t\t\t\t\t\t\t\t<a class=\"elementor-toggle-title\" tabindex=\"0\">\u00bfQu\u00e9 es el acero inoxidable?<\/a>\n\t\t\t\t\t<\/div>\n\n\t\t\t\t\t<div id=\"elementor-tab-content-1911\" class=\"elementor-tab-content elementor-clearfix\" data-tab=\"1\" role=\"region\" aria-labelledby=\"elementor-tab-title-1911\"><p>El acero es una aleaci\u00f3n de hierro y carbono. Los aceros inoxidables son aceros que contienen al menos un 10,5% de cromo y menos de un 1,2% de carbono, adem\u00e1s de otros elementos de aleaci\u00f3n. La resistencia a la corrosi\u00f3n y las propiedades mec\u00e1nicas del acero inoxidable pueden mejorarse a\u00f1adiendo otros elementos, como n\u00edquel, molibdeno, titanio, niobio, manganeso, etc.<\/p><\/div>\n\t\t\t\t<\/div>\n\t\t\t\t\t\t\t<div class=\"elementor-toggle-item\">\n\t\t\t\t\t<div id=\"elementor-tab-title-1912\" class=\"elementor-tab-title\" data-tab=\"2\" role=\"button\" aria-controls=\"elementor-tab-content-1912\" aria-expanded=\"false\">\n\t\t\t\t\t\t\t\t\t\t\t\t<span class=\"elementor-toggle-icon elementor-toggle-icon-right\" aria-hidden=\"true\">\n\t\t\t\t\t\t\t\t\t\t\t\t\t\t\t<span class=\"elementor-toggle-icon-closed\"><i class=\"fas fa-arrow-down\"><\/i><\/span>\n\t\t\t\t\t\t\t\t<span class=\"elementor-toggle-icon-opened\"><i class=\"elementor-toggle-icon-opened fas fa-arrow-up\"><\/i><\/span>\n\t\t\t\t\t\t\t\t\t\t\t\t\t<\/span>\n\t\t\t\t\t\t\t\t\t\t\t\t<a class=\"elementor-toggle-title\" tabindex=\"0\">\u00bfC\u00f3mo pedir chapas de acero inoxidable?<\/a>\n\t\t\t\t\t<\/div>\n\n\t\t\t\t\t<div id=\"elementor-tab-content-1912\" class=\"elementor-tab-content elementor-clearfix\" data-tab=\"2\" role=\"region\" aria-labelledby=\"elementor-tab-title-1912\"><p>Pedir chapas de acero inoxidable es muy f\u00e1cil. S\u00f3lo tienes que hacer clic en el icono de la chapa, registrar tu empresa si a\u00fan no tienes relaci\u00f3n comercial con Aperam y acceder a nuestra tienda Click &amp; Buy en e-aperam.<\/p><\/div>\n\t\t\t\t<\/div>\n\t\t\t\t\t\t\t<div class=\"elementor-toggle-item\">\n\t\t\t\t\t<div id=\"elementor-tab-title-1913\" class=\"elementor-tab-title\" data-tab=\"3\" role=\"button\" aria-controls=\"elementor-tab-content-1913\" aria-expanded=\"false\">\n\t\t\t\t\t\t\t\t\t\t\t\t<span class=\"elementor-toggle-icon elementor-toggle-icon-right\" aria-hidden=\"true\">\n\t\t\t\t\t\t\t\t\t\t\t\t\t\t\t<span class=\"elementor-toggle-icon-closed\"><i class=\"fas fa-arrow-down\"><\/i><\/span>\n\t\t\t\t\t\t\t\t<span class=\"elementor-toggle-icon-opened\"><i class=\"elementor-toggle-icon-opened fas fa-arrow-up\"><\/i><\/span>\n\t\t\t\t\t\t\t\t\t\t\t\t\t<\/span>\n\t\t\t\t\t\t\t\t\t\t\t\t<a class=\"elementor-toggle-title\" tabindex=\"0\">\u00bfPueden los particulares encargar productos de acero inoxidable a Aperam?<\/a>\n\t\t\t\t\t<\/div>\n\n\t\t\t\t\t<div id=\"elementor-tab-content-1913\" class=\"elementor-tab-content elementor-clearfix\" data-tab=\"3\" role=\"region\" aria-labelledby=\"elementor-tab-title-1913\"><p>Lamentablemente, Aperam no vende directamente a particulares. Los productos de acero inoxidable de Aperam, incluidas nuestras chapas, placas, bobinas, flejes, pletina y otros productos pueden ser encargados por cualquier empresa de cualquier pa\u00eds.<\/p><\/div>\n\t\t\t\t<\/div>\n\t\t\t\t\t\t\t<div class=\"elementor-toggle-item\">\n\t\t\t\t\t<div id=\"elementor-tab-title-1914\" class=\"elementor-tab-title\" data-tab=\"4\" role=\"button\" aria-controls=\"elementor-tab-content-1914\" aria-expanded=\"false\">\n\t\t\t\t\t\t\t\t\t\t\t\t<span class=\"elementor-toggle-icon elementor-toggle-icon-right\" aria-hidden=\"true\">\n\t\t\t\t\t\t\t\t\t\t\t\t\t\t\t<span class=\"elementor-toggle-icon-closed\"><i class=\"fas fa-arrow-down\"><\/i><\/span>\n\t\t\t\t\t\t\t\t<span class=\"elementor-toggle-icon-opened\"><i class=\"elementor-toggle-icon-opened fas fa-arrow-up\"><\/i><\/span>\n\t\t\t\t\t\t\t\t\t\t\t\t\t<\/span>\n\t\t\t\t\t\t\t\t\t\t\t\t<a class=\"elementor-toggle-title\" tabindex=\"0\">\u00bfCu\u00e1nto tardar\u00e9 en recibir mi pedido?<\/a>\n\t\t\t\t\t<\/div>\n\n\t\t\t\t\t<div id=\"elementor-tab-content-1914\" class=\"elementor-tab-content elementor-clearfix\" data-tab=\"4\" role=\"region\" aria-labelledby=\"elementor-tab-title-1914\"><p>Despu\u00e9s de introducir tu pedido y dependiendo de tu ubicaci\u00f3n geogr\u00e1fica, tendr\u00e1s que realizar una transferencia bancara la cuenta Aperam indicada para que tu pedido se valide. Si ya tienes una relaci\u00f3n comercial con Aperam, se aplicar\u00e1n las condiciones habituales. Encontrar\u00e1s los detalles en la confirmaci\u00f3n de tu pedido. A la hora de confirmar podr\u00e1s visualizar la fecha prevista de entrega.Una vez abonada la transferencia, nuestro departamento de log\u00edstica tramitar\u00e1 el pedido lo antes posible.<\/p><\/div>\n\t\t\t\t<\/div>\n\t\t\t\t\t\t\t<div class=\"elementor-toggle-item\">\n\t\t\t\t\t<div id=\"elementor-tab-title-1915\" class=\"elementor-tab-title\" data-tab=\"5\" role=\"button\" aria-controls=\"elementor-tab-content-1915\" aria-expanded=\"false\">\n\t\t\t\t\t\t\t\t\t\t\t\t<span class=\"elementor-toggle-icon elementor-toggle-icon-right\" aria-hidden=\"true\">\n\t\t\t\t\t\t\t\t\t\t\t\t\t\t\t<span class=\"elementor-toggle-icon-closed\"><i class=\"fas fa-arrow-down\"><\/i><\/span>\n\t\t\t\t\t\t\t\t<span class=\"elementor-toggle-icon-opened\"><i class=\"elementor-toggle-icon-opened fas fa-arrow-up\"><\/i><\/span>\n\t\t\t\t\t\t\t\t\t\t\t\t\t<\/span>\n\t\t\t\t\t\t\t\t\t\t\t\t<a class=\"elementor-toggle-title\" tabindex=\"0\">\u00bfSi no soy un cliente de Aperam ya dado de alta, puedo pagar utilizando el m\u00e9todo de \"transferencia r\u00e1pida en l\u00ednea\"?<\/a>\n\t\t\t\t\t<\/div>\n\n\t\t\t\t\t<div id=\"elementor-tab-content-1915\" class=\"elementor-tab-content elementor-clearfix\" data-tab=\"5\" role=\"region\" aria-labelledby=\"elementor-tab-title-1915\"><p>Actualmente, solo podemos aceptar el pago tradicional (es decir, transferencia est\u00e1ndar). En un futuro pr\u00f3ximo, ser\u00e1 posible utilizar otros m\u00e9todos de pago, incluidas las transferencias r\u00e1pidas en l\u00ednea, BLIK, Google payments, Apple Pay y P24NOW, entre otras muchas opciones.<\/p><\/div>\n\t\t\t\t<\/div>\n\t\t\t\t\t\t\t<div class=\"elementor-toggle-item\">\n\t\t\t\t\t<div id=\"elementor-tab-title-1916\" class=\"elementor-tab-title\" data-tab=\"6\" role=\"button\" aria-controls=\"elementor-tab-content-1916\" aria-expanded=\"false\">\n\t\t\t\t\t\t\t\t\t\t\t\t<span class=\"elementor-toggle-icon elementor-toggle-icon-right\" aria-hidden=\"true\">\n\t\t\t\t\t\t\t\t\t\t\t\t\t\t\t<span class=\"elementor-toggle-icon-closed\"><i class=\"fas fa-arrow-down\"><\/i><\/span>\n\t\t\t\t\t\t\t\t<span class=\"elementor-toggle-icon-opened\"><i class=\"elementor-toggle-icon-opened fas fa-arrow-up\"><\/i><\/span>\n\t\t\t\t\t\t\t\t\t\t\t\t\t<\/span>\n\t\t\t\t\t\t\t\t\t\t\t\t<a class=\"elementor-toggle-title\" tabindex=\"0\">Si tengo alguna duda, \u00bfpuedo ponerme en contacto con el servicio de atenci\u00f3n al cliente de Aperam? <\/a>\n\t\t\t\t\t<\/div>\n\n\t\t\t\t\t<div id=\"elementor-tab-content-1916\" class=\"elementor-tab-content elementor-clearfix\" data-tab=\"6\" role=\"region\" aria-labelledby=\"elementor-tab-title-1916\"><p>S\u00ed, puedes hacerlo. Para encontrar a tu contacto, haga clic en \u00abContacta con tu equipo de ventas\u00bb en la parte inferior de la p\u00e1gina y aparecer\u00e1 la direcci\u00f3n de correo electr\u00f3nico de tu contacto. Puedes ponerte en contacto por correo electr\u00f3nico<\/p><\/div>\n\t\t\t\t<\/div>\n\t\t\t\t\t\t\t\t<\/div>\n\t\t\t\t\t\t<\/div>\n\t\t\t\t<\/div>\n\t\t\t\t\t<\/div>\n\t\t<\/div>\n\t\t\t\t\t<\/div>\n\t\t<\/section>\n\t\t\t\t<\/div>\n\t\t","protected":false},"excerpt":{"rendered":"<p>FAQ Esta secci\u00f3n responde a una serie de preguntas que pueden surgir a la hora de realizar un pedido en Click &amp; Buy M\u00c1S \u00bfQu\u00e9 es el acero inoxidable? El acero es una aleaci\u00f3n de hierro y carbono. Los aceros inoxidables son aceros que contienen al menos un 10,5% de cromo y menos de un [&hellip;]<\/p>\n","protected":false},"author":2,"featured_media":0,"parent":0,"menu_order":0,"comment_status":"closed","ping_status":"closed","template":"","meta":{"_acf_changed":false,"footnotes":""},"class_list":["post-2033","page","type-page","status-publish","hentry"],"acf":[],"_links":{"self":[{"href":"https:\/\/www.click-and-buy.e-aperam.com\/es\/wp-json\/wp\/v2\/pages\/2033","targetHints":{"allow":["GET"]}}],"collection":[{"href":"https:\/\/www.click-and-buy.e-aperam.com\/es\/wp-json\/wp\/v2\/pages"}],"about":[{"href":"https:\/\/www.click-and-buy.e-aperam.com\/es\/wp-json\/wp\/v2\/types\/page"}],"author":[{"embeddable":true,"href":"https:\/\/www.click-and-buy.e-aperam.com\/es\/wp-json\/wp\/v2\/users\/2"}],"replies":[{"embeddable":true,"href":"https:\/\/www.click-and-buy.e-aperam.com\/es\/wp-json\/wp\/v2\/comments?post=2033"}],"version-history":[{"count":22,"href":"https:\/\/www.click-and-buy.e-aperam.com\/es\/wp-json\/wp\/v2\/pages\/2033\/revisions"}],"predecessor-version":[{"id":2083,"href":"https:\/\/www.click-and-buy.e-aperam.com\/es\/wp-json\/wp\/v2\/pages\/2033\/revisions\/2083"}],"wp:attachment":[{"href":"https:\/\/www.click-and-buy.e-aperam.com\/es\/wp-json\/wp\/v2\/media?parent=2033"}],"curies":[{"name":"wp","href":"https:\/\/api.w.org\/{rel}","templated":true}]}}