{"id":1498,"date":"2023-06-22T04:37:28","date_gmt":"2023-06-22T04:37:28","guid":{"rendered":"https:\/\/www.click-and-buy.e-aperam.com\/contact\/"},"modified":"2024-02-29T11:00:39","modified_gmt":"2024-02-29T11:00:39","slug":"contact","status":"publish","type":"page","link":"https:\/\/www.click-and-buy.e-aperam.com\/pl\/contact\/","title":{"rendered":"Contact"},"content":{"rendered":"\t\t<div data-elementor-type=\"wp-page\" data-elementor-id=\"1498\" class=\"elementor elementor-1498 elementor-22\">\n\t\t\t\t\t\t<section class=\"elementor-section elementor-top-section elementor-element elementor-element-15dac91 elementor-section-boxed elementor-section-height-default elementor-section-height-default\" data-id=\"15dac91\" data-element_type=\"section\" data-e-type=\"section\">\n\t\t\t\t\t\t<div class=\"elementor-container elementor-column-gap-default\">\n\t\t\t\t\t<div class=\"elementor-column elementor-col-100 elementor-top-column elementor-element elementor-element-c8af712\" data-id=\"c8af712\" data-element_type=\"column\" data-e-type=\"column\">\n\t\t\t<div class=\"elementor-widget-wrap elementor-element-populated\">\n\t\t\t\t\t\t<div class=\"elementor-element elementor-element-405360a elementor-widget elementor-widget-heading\" data-id=\"405360a\" data-element_type=\"widget\" data-e-type=\"widget\" data-widget_type=\"heading.default\">\n\t\t\t\t<div class=\"elementor-widget-container\">\n\t\t\t\t\t<h1 class=\"elementor-heading-title elementor-size-default\">Contact request<\/h1>\t\t\t\t<\/div>\n\t\t\t\t<\/div>\n\t\t\t\t<div class=\"elementor-element elementor-element-61c90f6 elementor-widget elementor-widget-text-editor\" data-id=\"61c90f6\" data-element_type=\"widget\" data-e-type=\"widget\" data-widget_type=\"text-editor.default\">\n\t\t\t\t<div class=\"elementor-widget-container\">\n\t\t\t\t\t\t\t\t\t<p>Jeste\u015bmy tutaj aby Tobie pom\u00f3c. Wype\u0142nij formularz, a my skontaktujemy si\u0119 z Tob\u0105.<\/p>\t\t\t\t\t\t\t\t<\/div>\n\t\t\t\t<\/div>\n\t\t\t\t<div class=\"elementor-element elementor-element-90e5b0a elementor-widget elementor-widget-shortcode\" data-id=\"90e5b0a\" data-element_type=\"widget\" data-e-type=\"widget\" data-widget_type=\"shortcode.default\">\n\t\t\t\t<div class=\"elementor-widget-container\">\n\t\t\t\t\t\t\t<div class=\"elementor-shortcode\">\n<div class=\"wpcf7 no-js\" id=\"wpcf7-f1160-o1\" lang=\"pl-PL\" dir=\"ltr\" data-wpcf7-id=\"1160\">\n<div class=\"screen-reader-response\"><p role=\"status\" aria-live=\"polite\" aria-atomic=\"true\"><\/p> <ul><\/ul><\/div>\n<form action=\"\/pl\/wp-json\/wp\/v2\/pages\/1498#wpcf7-f1160-o1\" method=\"post\" class=\"wpcf7-form init wpcf7-acceptance-as-validation\" aria-label=\"Formularz kontaktowy\" novalidate=\"novalidate\" data-status=\"init\">\n<fieldset class=\"hidden-fields-container\"><input type=\"hidden\" name=\"_wpcf7\" value=\"1160\" \/><input type=\"hidden\" name=\"_wpcf7_version\" value=\"6.1.5\" \/><input type=\"hidden\" name=\"_wpcf7_locale\" value=\"pl_PL\" \/><input type=\"hidden\" name=\"_wpcf7_unit_tag\" value=\"wpcf7-f1160-o1\" \/><input type=\"hidden\" name=\"_wpcf7_container_post\" value=\"0\" \/><input type=\"hidden\" name=\"_wpcf7_posted_data_hash\" value=\"\" \/><input type=\"hidden\" name=\"_wpcf7_recaptcha_response\" value=\"\" \/>\n<\/fieldset>\n<div class=\"contact-wrap-filed\">\n\t<div class=\"col-left\">\n\t\t<div class=\"field field-required\">\n\t\t\t<p><span class=\"wpcf7-form-control-wrap\" data-name=\"first-name\"><input size=\"40\" maxlength=\"400\" class=\"wpcf7-form-control wpcf7-text wpcf7-validates-as-required\" autocomplete=\"name\" aria-required=\"true\" aria-invalid=\"false\" value=\"\" type=\"text\" name=\"first-name\" \/><\/span><span class=\"placeholder\">Imi\u0119<span class=\"required\">*<\/span><\/span>\n\t\t\t<\/p>\n\t\t<\/div>\n\t\t<div class=\"field field-required\">\n\t\t\t<p><span class=\"wpcf7-form-control-wrap\" data-name=\"last-name\"><input size=\"40\" maxlength=\"400\" class=\"wpcf7-form-control wpcf7-text wpcf7-validates-as-required\" autocomplete=\"name\" aria-required=\"true\" aria-invalid=\"false\" value=\"\" type=\"text\" name=\"last-name\" \/><\/span><span class=\"placeholder\">Nazwisko<span class=\"required\">*<\/span><\/span>\n\t\t\t<\/p>\n\t\t<\/div>\n\t\t<div class=\"field field-required field-select\">\n\t\t\t<p><span class=\"wpcf7-form-control-wrap\" data-name=\"job-title\"><select class=\"wpcf7-form-control wpcf7-select wpcf7-validates-as-required\" aria-required=\"true\" aria-invalid=\"false\" name=\"job-title\"><option value=\"\">Wybiera\u0107<\/option><option value=\"Dyrektor generalny\">Dyrektor generalny<\/option><option value=\"Mened\u017cer ds. Rozwoju Rynkowego\">Mened\u017cer ds. Rozwoju Rynkowego<\/option><option value=\"Kierownik produkcji\">Kierownik produkcji<\/option><option value=\"Architekt\">Architekt<\/option><option value=\"Mened\u017cer zakup\u00f3w\">Mened\u017cer zakup\u00f3w<\/option><option value=\"Analityk finansowy\">Analityk finansowy<\/option><option value=\"In\u017cynier\">In\u017cynier<\/option><option value=\"Kierownik sprzeda\u017cy i marketingu\">Kierownik sprzeda\u017cy i marketingu<\/option><option value=\"Mened\u017cer ds. zr\u00f3wnowa\u017conego rozwoju\">Mened\u017cer ds. zr\u00f3wnowa\u017conego rozwoju<\/option><option value=\"Student\">Student<\/option><option value=\"Dziennikarz\">Dziennikarz<\/option><option value=\"Inny\">Inny<\/option><\/select><\/span><span class=\"placeholder\">Stanowisko<span class=\"required\">*<\/span><\/span>\n\t\t\t<\/p>\n\t\t<\/div>\n\t\t<div class=\"field field-required field-select\">\n\t\t\t<p><span class=\"wpcf7-form-control-wrap\" data-name=\"your-country\"><select class=\"wpcf7-form-control wpcf7-select wpcf7-validates-as-required\" aria-required=\"true\" aria-invalid=\"false\" name=\"your-country\"><option value=\"\">Wybiera\u0107<\/option><option value=\"Afganistan\">Afganistan<\/option><option value=\"Albania\">Albania<\/option><option value=\"Algieria\">Algieria<\/option><option value=\"Angola\">Angola<\/option><option value=\"Antigua i Barbuda\">Antigua i Barbuda<\/option><option value=\"Argentyna\">Argentyna<\/option><option value=\"Armenia\">Armenia<\/option><option value=\"Australia\">Australia<\/option><option value=\"Austria\">Austria<\/option><option value=\"Azerbejd\u017can\">Azerbejd\u017can<\/option><option value=\"Bahamy\">Bahamy<\/option><option value=\"Bahrajn\">Bahrajn<\/option><option value=\"Bangladesz\">Bangladesz<\/option><option value=\"Barbados\">Barbados<\/option><option value=\"Bia\u0142oru\u015b\">Bia\u0142oru\u015b<\/option><option value=\"Belau\">Belau<\/option><option value=\"Belgia\">Belgia<\/option><option value=\"Belize\">Belize<\/option><option value=\"Benin\">Benin<\/option><option value=\"Bhutan\">Bhutan<\/option><option value=\"Boliwia\">Boliwia<\/option><option value=\"Bo\u015bnia\">Bo\u015bnia<\/option><option value=\"Botswana\">Botswana<\/option><option value=\"Brazylia\">Brazylia<\/option><option value=\"Brunei\">Brunei<\/option><option value=\"Bu\u0142garia\">Bu\u0142garia<\/option><option value=\"Burkina Faso\">Burkina Faso<\/option><option value=\"Birma\">Birma<\/option><option value=\"Burundi\">Burundi<\/option><option value=\"Kambod\u017ca\">Kambod\u017ca<\/option><option value=\"Kamerun\">Kamerun<\/option><option value=\"Kanada\">Kanada<\/option><option value=\"Wyspa Zielonego Przyl\u0105dka\">Wyspa Zielonego Przyl\u0105dka<\/option><option value=\"Republika \u015arodkowoafryka\u0144ska\">Republika \u015arodkowoafryka\u0144ska<\/option><option value=\"Czad\">Czad<\/option><option value=\"Chile\">Chile<\/option><option value=\"Chiny\">Chiny<\/option><option value=\"Kolumbia\">Kolumbia<\/option><option value=\"Wyspy Komor\u00f3w\">Wyspy Komor\u00f3w<\/option><option value=\"Kongo\">Kongo<\/option><option value=\"Wyspy Cooka\">Wyspy Cooka<\/option><option value=\"Kostaryka\">Kostaryka<\/option><option value=\"Wybrze\u017ce Ko\u015bci S\u0142oniowej\">Wybrze\u017ce Ko\u015bci S\u0142oniowej<\/option><option value=\"Chorwacja\">Chorwacja<\/option><option value=\"Kuba\">Kuba<\/option><option value=\"Cypr\">Cypr<\/option><option value=\"Republika Czeska\">Republika Czeska<\/option><option value=\"Demokratyczna Republika Konga\">Demokratyczna Republika Konga<\/option><option value=\"Dania\">Dania<\/option><option value=\"D\u017cibuti\">D\u017cibuti<\/option><option value=\"Dominika\">Dominika<\/option><option value=\"Republika Dominikany\">Republika Dominikany<\/option><option value=\"Ekwador\">Ekwador<\/option><option value=\"Egipt\">Egipt<\/option><option value=\"Salwador\">Salwador<\/option><option value=\"Gwinea R\u00f3wnikowa\">Gwinea R\u00f3wnikowa<\/option><option value=\"Erytrea\">Erytrea<\/option><option value=\"Estonia\">Estonia<\/option><option value=\"Etiopia\">Etiopia<\/option><option value=\"Fid\u017ci\">Fid\u017ci<\/option><option value=\"Finlandia\">Finlandia<\/option><option value=\"Francja\">Francja<\/option><option value=\"Gabon\">Gabon<\/option><option value=\"Gambia\">Gambia<\/option><option value=\"Gruzja\">Gruzja<\/option><option value=\"Niemcy\">Niemcy<\/option><option value=\"Ghana\">Ghana<\/option><option value=\"Grecja\">Grecja<\/option><option value=\"Grenada\">Grenada<\/option><option value=\"Gwatemala\">Gwatemala<\/option><option value=\"Gwinea\">Gwinea<\/option><option value=\"Gwinea Bissau\">Gwinea Bissau<\/option><option value=\"Gujana\">Gujana<\/option><option value=\"Haiti\">Haiti<\/option><option value=\"Honduras\">Honduras<\/option><option value=\"W\u0119gry\">W\u0119gry<\/option><option value=\"Islandia\">Islandia<\/option><option value=\"Indie\">Indie<\/option><option value=\"Indonezja\">Indonezja<\/option><option value=\"Iran\">Iran<\/option><option value=\"Irak\">Irak<\/option><option value=\"Irlandia\">Irlandia<\/option><option value=\"Izrael\">Izrael<\/option><option value=\"W\u0142ochy\">W\u0142ochy<\/option><option value=\"Jamajka\">Jamajka<\/option><option value=\"Japonia\">Japonia<\/option><option value=\"Jordania\">Jordania<\/option><option value=\"Kazachstan\">Kazachstan<\/option><option value=\"Kenia\">Kenia<\/option><option value=\"Kiribati\">Kiribati<\/option><option value=\"Kuwejt\">Kuwejt<\/option><option value=\"Kirgistan\">Kirgistan<\/option><option value=\"Laos\">Laos<\/option><option value=\"\u0141otwa\">\u0141otwa<\/option><option value=\"Liban\">Liban<\/option><option value=\"Lesoto\">Lesoto<\/option><option value=\"Liberia\">Liberia<\/option><option value=\"Libia\">Libia<\/option><option value=\"Liechtenstein\">Liechtenstein<\/option><option value=\"Litwa\">Litwa<\/option><option value=\"Luksemburg\">Luksemburg<\/option><option value=\"Macedonia\">Macedonia<\/option><option value=\"Madagaskar\">Madagaskar<\/option><option value=\"Malawi\">Malawi<\/option><option value=\"Malezja\">Malezja<\/option><option value=\"Malediwy\">Malediwy<\/option><option value=\"Mali\">Mali<\/option><option value=\"Malta\">Malta<\/option><option value=\"Wyspy Marshalla\">Wyspy Marshalla<\/option><option value=\"Mauretania\">Mauretania<\/option><option value=\"Mauritius\">Mauritius<\/option><option value=\"Meksyk\">Meksyk<\/option><option value=\"Mikronezja\">Mikronezja<\/option><option value=\"Mo\u0142dawia\">Mo\u0142dawia<\/option><option value=\"Monako\">Monako<\/option><option value=\"Mongolia\">Mongolia<\/option><option value=\"Maroko\">Maroko<\/option><option value=\"Mozambik\">Mozambik<\/option><option value=\"Namibia\">Namibia<\/option><option value=\"Nauru\">Nauru<\/option><option value=\"Nepal\">Nepal<\/option><option value=\"Holandia\">Holandia<\/option><option value=\"Nowa Zelandia\">Nowa Zelandia<\/option><option value=\"Nikaragua\">Nikaragua<\/option><option value=\"Niger\">Niger<\/option><option value=\"Nigeria\">Nigeria<\/option><option value=\"Nie\">Nie<\/option><option value=\"Korea P\u00f3\u0142nocna\">Korea P\u00f3\u0142nocna<\/option><option value=\"Norwegia\">Norwegia<\/option><option value=\"Oman\">Oman<\/option><option value=\"Pakistan\">Pakistan<\/option><option value=\"Palestyna\">Palestyna<\/option><option value=\"Panama\">Panama<\/option><option value=\"Papua Nowa Gwinea\">Papua Nowa Gwinea<\/option><option value=\"Paragwaj\">Paragwaj<\/option><option value=\"Peru\">Peru<\/option><option value=\"Filipiny\">Filipiny<\/option><option value=\"Polska\">Polska<\/option><option value=\"Portugalia\">Portugalia<\/option><option value=\"Katar\">Katar<\/option><option value=\"Rumunia\">Rumunia<\/option><option value=\"Rosja\">Rosja<\/option><option value=\"Rwanda\">Rwanda<\/option><option value=\"Saint Kitts-Nevis\">Saint Kitts-Nevis<\/option><option value=\"\u015bwi\u0119ta Lucia\">\u015bwi\u0119ta Lucia<\/option><option value=\"Saint Vincent i Grenadyny\">Saint Vincent i Grenadyny<\/option><option value=\"San Marino\">San Marino<\/option><option value=\"Wyspy \u015awi\u0119tego Tomasza i Ksi\u0105\u017c\u0119ca\">Wyspy \u015awi\u0119tego Tomasza i Ksi\u0105\u017c\u0119ca<\/option><option value=\"Arabia Saudyjska\">Arabia Saudyjska<\/option><option value=\"Szkocja\">Szkocja<\/option><option value=\"Senegal\">Senegal<\/option><option value=\"Seszele\">Seszele<\/option><option value=\"Sierra Leone\">Sierra Leone<\/option><option value=\"Singapur\">Singapur<\/option><option value=\"S\u0142owacja\">S\u0142owacja<\/option><option value=\"S\u0142owenia\">S\u0142owenia<\/option><option value=\"Wyspy Salomona\">Wyspy Salomona<\/option><option value=\"Somali\">Somali<\/option><option value=\"Afryka Po\u0142udniowa\">Afryka Po\u0142udniowa<\/option><option value=\"Korea Po\u0142udniowa\">Korea Po\u0142udniowa<\/option><option value=\"Hiszpania\">Hiszpania<\/option><option value=\"Sri Lanka\">Sri Lanka<\/option><option value=\"Sudan\">Sudan<\/option><option value=\"Surinam\">Surinam<\/option><option value=\"Suazi\">Suazi<\/option><option value=\"Szwecja\">Szwecja<\/option><option value=\"Szwajcaria\">Szwajcaria<\/option><option value=\"Syria\">Syria<\/option><option value=\"Tad\u017cykistan\">Tad\u017cykistan<\/option><option value=\"Tanzania\">Tanzania<\/option><option value=\"Tajlandia\">Tajlandia<\/option><option value=\"I\u015b\u0107\">I\u015b\u0107<\/option><option value=\"Tonga\">Tonga<\/option><option value=\"Trynidad i Tobago\">Trynidad i Tobago<\/option><option value=\"Tunezja\">Tunezja<\/option><option value=\"Indyk\">Indyk<\/option><option value=\"Turkmenia\">Turkmenia<\/option><option value=\"Tuvalu\">Tuvalu<\/option><option value=\"Uganda\">Uganda<\/option><option value=\"Ukraina\">Ukraina<\/option><option value=\"Zjednoczone Emiraty Arabskie\">Zjednoczone Emiraty Arabskie<\/option><option value=\"Zjednoczone Kr\u00f3lestwo\">Zjednoczone Kr\u00f3lestwo<\/option><option value=\"Stany Zjednoczone\">Stany Zjednoczone<\/option><option value=\"Urugwaj\">Urugwaj<\/option><option value=\"Uzbekistan\">Uzbekistan<\/option><option value=\"Vanuatu\">Vanuatu<\/option><option value=\"Watykan\">Watykan<\/option><option value=\"Wenezuela\">Wenezuela<\/option><option value=\"Wietnam\">Wietnam<\/option><option value=\"Samoa Zachodnie\">Samoa Zachodnie<\/option><option value=\"Jemen\">Jemen<\/option><option value=\"Jugos\u0142awia\">Jugos\u0142awia<\/option><option value=\"Zambia\">Zambia<\/option><option value=\"Zimbabwe\">Zimbabwe<\/option><\/select><\/span><span class=\"placeholder\">Kraj<span class=\"required\">*<\/span><\/span>\n\t\t\t<\/p>\n\t\t<\/div>\n\t\t<div class=\"field field-required\">\n\t\t\t<p><span class=\"wpcf7-form-control-wrap\" data-name=\"your-email\"><input size=\"40\" maxlength=\"400\" class=\"wpcf7-form-control wpcf7-email wpcf7-validates-as-required wpcf7-text wpcf7-validates-as-email\" aria-required=\"true\" aria-invalid=\"false\" value=\"\" type=\"email\" name=\"your-email\" \/><\/span><span class=\"placeholder\">E-mail<span class=\"required\">*<\/span><\/span>\n\t\t\t<\/p>\n\t\t<\/div>\n\t\t<div class=\"field field-required\">\n\t\t\t<p><span class=\"wpcf7-form-control-wrap\" data-name=\"first-company\"><input size=\"40\" maxlength=\"400\" class=\"wpcf7-form-control wpcf7-text wpcf7-validates-as-required\" aria-required=\"true\" aria-invalid=\"false\" value=\"\" type=\"text\" name=\"first-company\" \/><\/span><span class=\"placeholder\">Firma<span class=\"required\">*<\/span><\/span>\n\t\t\t<\/p>\n\t\t<\/div>\n\t\t<div class=\"field field-required\">\n\t\t\t<p><span class=\"wpcf7-form-control-wrap\" data-name=\"your-phone\"><input size=\"40\" maxlength=\"400\" class=\"wpcf7-form-control wpcf7-tel wpcf7-validates-as-required wpcf7-text wpcf7-validates-as-tel\" aria-required=\"true\" aria-invalid=\"false\" value=\"\" type=\"tel\" name=\"your-phone\" \/><\/span><span class=\"placeholder\">Numer telefonu<\/span>\n\t\t\t<\/p>\n\t\t<\/div>\n\t<\/div>\n\t<div class=\"col-right\">\n\t\t<div class=\"field\">\n\t\t\t<p><span class=\"wpcf7-form-control-wrap\" data-name=\"your-message\"><textarea cols=\"40\" rows=\"10\" maxlength=\"2000\" class=\"wpcf7-form-control wpcf7-textarea\" aria-invalid=\"false\" name=\"your-message\"><\/textarea><\/span>\n\t\t\t<\/p>\n\t\t<\/div>\n\t\t<div class=\"field field-checkbox\">\n\t\t\t<p><span class=\"wpcf7-form-control-wrap\" data-name=\"check-field\"><span class=\"wpcf7-form-control wpcf7-acceptance\"><span class=\"wpcf7-list-item\"><label><input type=\"checkbox\" name=\"check-field\" value=\"1\" aria-invalid=\"false\" \/><span class=\"wpcf7-list-item-label\">Rejestruj\u0105c si\u0119, wyra\u017casz zgod\u0119 na wykorzystanie przez Aperam podanych danych w celu sformu\u0142owania odpowiedzi i skontaktowania si\u0119 ze mn\u0105 drog\u0105 cyfrow\u0105. Zobacz nasze <a href=\"#\">Polityka prywatno\u015bci.<\/a><\/span><\/label><\/span><\/span><\/span>\n\t\t\t<\/p>\n\t\t<\/div>\n\t<\/div>\n<\/div>\n<div class=\"field-submit\">\n\t<p><input class=\"wpcf7-form-control wpcf7-submit has-spinner\" type=\"submit\" value=\"WYS\u0141A\u0106\" \/>\n\t<\/p>\n<\/div><p style=\"display: none !important;\" class=\"akismet-fields-container\" data-prefix=\"_wpcf7_ak_\"><label>&#916;<textarea name=\"_wpcf7_ak_hp_textarea\" cols=\"45\" rows=\"8\" maxlength=\"100\"><\/textarea><\/label><input type=\"hidden\" id=\"ak_js_1\" name=\"_wpcf7_ak_js\" value=\"231\"\/><script>\ndocument.getElementById( \"ak_js_1\" ).setAttribute( \"value\", ( new Date() ).getTime() );\n<\/script>\n<\/p><div class=\"wpcf7-response-output\" aria-hidden=\"true\"><\/div>\n<\/form>\n<\/div>\n<\/div>\n\t\t\t\t\t\t<\/div>\n\t\t\t\t<\/div>\n\t\t\t\t\t<\/div>\n\t\t<\/div>\n\t\t\t\t\t<\/div>\n\t\t<\/section>\n\t\t\t\t<\/div>\n\t\t","protected":false},"excerpt":{"rendered":"<p>Contact request Jeste\u015bmy tutaj aby Tobie pom\u00f3c. Wype\u0142nij formularz, a my skontaktujemy si\u0119 z Tob\u0105.<\/p>\n","protected":false},"author":1,"featured_media":0,"parent":0,"menu_order":0,"comment_status":"closed","ping_status":"closed","template":"","meta":{"_acf_changed":false,"footnotes":""},"class_list":["post-1498","page","type-page","status-publish","hentry"],"acf":[],"_links":{"self":[{"href":"https:\/\/www.click-and-buy.e-aperam.com\/pl\/wp-json\/wp\/v2\/pages\/1498","targetHints":{"allow":["GET"]}}],"collection":[{"href":"https:\/\/www.click-and-buy.e-aperam.com\/pl\/wp-json\/wp\/v2\/pages"}],"about":[{"href":"https:\/\/www.click-and-buy.e-aperam.com\/pl\/wp-json\/wp\/v2\/types\/page"}],"author":[{"embeddable":true,"href":"https:\/\/www.click-and-buy.e-aperam.com\/pl\/wp-json\/wp\/v2\/users\/1"}],"replies":[{"embeddable":true,"href":"https:\/\/www.click-and-buy.e-aperam.com\/pl\/wp-json\/wp\/v2\/comments?post=1498"}],"version-history":[{"count":9,"href":"https:\/\/www.click-and-buy.e-aperam.com\/pl\/wp-json\/wp\/v2\/pages\/1498\/revisions"}],"predecessor-version":[{"id":1773,"href":"https:\/\/www.click-and-buy.e-aperam.com\/pl\/wp-json\/wp\/v2\/pages\/1498\/revisions\/1773"}],"wp:attachment":[{"href":"https:\/\/www.click-and-buy.e-aperam.com\/pl\/wp-json\/wp\/v2\/media?parent=1498"}],"curies":[{"name":"wp","href":"https:\/\/api.w.org\/{rel}","templated":true}]}}